{"id":27,"date":"2020-09-26T13:03:59","date_gmt":"2020-09-26T16:03:59","guid":{"rendered":"https:\/\/racomex.com.br\/?page_id=27"},"modified":"2020-10-08T15:12:33","modified_gmt":"2020-10-08T18:12:33","slug":"links-uteis","status":"publish","type":"page","link":"https:\/\/racomex.com.br\/index.php\/links-uteis\/","title":{"rendered":"Links \u00dateis"},"content":{"rendered":"<div id=\"dslc-content\" class=\"dslc-content dslc-clearfix\"><div id=\"dslc-main\">\n\t\t<div  class=\"dslc-modules-section  dslc-full \" style=\"padding-bottom:0px;padding-top:0px;\" data-section-id=\"5e8b080d0d4\">\n\t\t\t\t\n\t\t\t\t\n\t\t\t\t<div class=\"dslc-modules-section-wrapper dslc-clearfix\"><div class=\"dslc-modules-area dslc-col dslc-12-col dslc-last-col dslc-valign- \" data-size=\"12\" data-valign=\"\">\n\t\t<div id=\"dslc-module-5dddf0da112\" class=\"dslc-module-front dslc-module-DSLC_Posts dslc-in-viewport-check dslc-in-viewport-anim-none  dslc-col dslc-12-col dslc-last-col  dslc-module-handle-like-regular \" data-module-id=\"5dddf0da112\" data-module=\"DSLC_Posts\" data-dslc-module-size=\"12\" data-dslc-anim=\"none\" data-dslc-anim-delay=\"\" data-dslc-anim-duration=\"650\"  data-dslc-anim-easing=\"ease\" data-dslc-preset=\"none\" >\n\n\t\t\t\n\t\t\t\n\t\t\t\t<div class=\"dslc-module-heading\">\n\n\t\t\t<!-- Heading -->\n\t\t\t\n\t\t\t<!-- Filters -->\n\t\t\t\t\t\t\t<div class=\"dslc-post-filters\">\n\t\t\t\t\t<span class=\"dslc-post-filter dslc-active dslca-editable-content\" data-filter-id=\"show-all\" >Todas as Categorias<\/span>\n\n\t\t\t\t\t\t\t\t\t\t\t<span class=\"dslc-post-filter dslc-inactive\" data-filter-id=\"links-uteis\">Links \u00dateis<\/span>\n\t\t\t\t\t\n\t\t\t\t<\/div><!-- .dslc-post-filters -->\n\t\t<!-- Carousel -->\n\n\t\t\n\t\t\t<\/div><!-- .dslc-module-heading -->\n\t\t\t\t\t\t<div class=\"dslc-posts dslc-cpt-posts dslc-clearfix dslc-cpt-posts-type-grid dslc-posts-orientation-vertical dslc-init-grid \">\n\n\t\t\t\n\t\t\t<div class=\"dslc-posts-inner\">\n\t\t\t\t\t<div class=\"dslc-post dslc-cpt-post dslc-col dslc-4-col  dslc-first-col\" data-cats=\"links-uteis \">\n\t\t\t\t\t\t\t\t\t\t\t\t\t\t\t\t\t\t\t\t\n\t\t\t\t\t\t\t\t<div class=\"dslc-post-thumb dslc-cpt-post-thumb dslc-on-hover-anim\">\n\n\t\t\t\t\t\t\t\t\t<div class=\"dslc-cpt-post-thumb-inner dslca-post-thumb\">\n\t\t\t\t\t\t\t\t\t\t\n\t\t\t\t\t\t\t\t\t\t\t\t\t\t\t\t\t\t\t\t\t<a href=\"https:\/\/racomex.com.br\/index.php\/2020\/10\/07\/incoterms\/\" class=\"\"><img width=\"1500\" height=\"450\" src=\"https:\/\/racomex.com.br\/wp-content\/uploads\/2020\/10\/incoterms-e1602122302214.jpg\" class=\"attachment-full size-full wp-post-image\" alt=\"\" loading=\"lazy\" title=\"incoterms\" \/><\/a>\n\t\t\t\t\t\t\t\t\t\t\t\t\t\t\t\t\t\t\t<\/div><!-- .dslc-cpt-post-thumb-inner -->\n\n\t\t\t\t\t\t\t\t\t\n\t\t\t\t\t\t\t\t<\/div><!-- .dslc-cpt-post-thumb -->\n\n\t\t\t\t\t\t\t\t\t\t\t\t\t\n\t\t\t\t\t\t\n\t\t\t\t\t\t\t<div class=\"dslc-post-main dslc-cpt-post-main\">\n\n\t\t\t\t\t\t\t\t\n\t\t\t\t\t\t\t\t\t<div class=\"dslc-cpt-post-title\">\n\t\t\t\t\t\t\t\t\t\t<h2><a href=\"https:\/\/racomex.com.br\/index.php\/2020\/10\/07\/incoterms\/\">INCOTERMS<\/a><\/h2>\n\t\t\t\t\t\t\t\t\t<\/div><!-- .dslc-cpt-post-title -->\n\n\t\t\t\t\t\t\t\t\n\t\t\t\t\t\t\t\t\n\t\t\t\t\t\t\t\t\t\n\t\t\t\t\t\t\t\t\t<div class=\"dslc-cpt-post-meta\">\n\n\t\t\t\t\t\t\t\t\t\t\n\t\t\t\t\t\t\t\t\t\t\t\t\t\t\t\t\t\t\t\t\t<div class=\"dslc-cpt-post-meta-date\">\n\t\t\t\t\t\t\t\t\t\t\t\t7 de outubro de 2020\t\t\t\t\t\t\t\t\t\t\t<\/div><!-- .dslc-cpt-post-meta-date -->\n\t\t\t\t\t\t\t\t\t\t\n\t\t\t\t\t\t\t\t\t<\/div><!-- .dslc-cpt-post-meta -->\n\n\t\t\t\t\t\t\t\t\n\t\t\t\t\t\t\t\t\t\t\t\t\t\t\t\t\t<div class=\"dslc-cpt-post-excerpt\">\n\t\t\t\t\t\t\t\t\t\t\t\t\t\t\t\t\t\t\t\t\tEXWEX WORKS (named place of delivery)NA ORIGEM (local de entrega nomeado)O vendedor limita-se a colocar a mercadoria \u00e0 disposi\u00e7\u00e3o do&hellip;\t\t\t\t\t\t\t\t\t\t\t\t\t\t\t\t\t\t\t<\/div><!-- .dslc-cpt-post-excerpt -->\n\n\t\t\t\t\t\t\t\t\n\t\t\t\t\t\t\t\t\n\t\t\t\t\t\t\t\t\t<div class=\"dslc-cpt-post-read-more\">\n\t\t\t\t\t\t\t\t\t\t<a href=\"https:\/\/racomex.com.br\/index.php\/2020\/10\/07\/incoterms\/\">\n\t\t\t\t\t\t\t\t\t\t\t\t\t\t\t\t\t\t\t\t\t\t\t<span class=\"dslc-icon dslc-icon-\"><\/span>\n\t\t\t\t\t\t\t\t\t\t\t\t\t\t\t\t\t\t\t\t\t\tSaiba Mais\t\t\t\t\t\t\t\t\t\t<\/a>\n\t\t\t\t\t\t\t\t\t<\/div><!-- .dslc-cpt-post-read-more -->\n\n\t\t\t\t\t\t\t\t\n\t\t\t\t\t\t\t<\/div><!-- .dslc-cpt-post-main -->\n\n\t\t\t\t\t\t\n\t\t\t\t\t<\/div><!-- .dslc-cpt-post -->\n\t\t\t\t\t<div class=\"dslc-post dslc-cpt-post dslc-col dslc-4-col \" data-cats=\"links-uteis \">\n\t\t\t\t\t\t\t\t\t\t\t\t\t\t\t\t\t\t\t\t\n\t\t\t\t\t\t\t\t<div class=\"dslc-post-thumb dslc-cpt-post-thumb dslc-on-hover-anim\">\n\n\t\t\t\t\t\t\t\t\t<div class=\"dslc-cpt-post-thumb-inner dslca-post-thumb\">\n\t\t\t\t\t\t\t\t\t\t\n\t\t\t\t\t\t\t\t\t\t\t\t\t\t\t\t\t\t\t\t\t<a href=\"https:\/\/racomex.com.br\/index.php\/2020\/10\/07\/cotacoes-e-boletins\/\" class=\"\"><img width=\"1200\" height=\"408\" src=\"https:\/\/racomex.com.br\/wp-content\/uploads\/2020\/10\/dollar-e1602120918186.jpg\" class=\"attachment-full size-full wp-post-image\" alt=\"\" loading=\"lazy\" title=\"US Currency: Wads of US bills fastened with rubber bands, close-up\" srcset=\"https:\/\/racomex.com.br\/wp-content\/uploads\/2020\/10\/dollar-e1602120918186.jpg 1200w, https:\/\/racomex.com.br\/wp-content\/uploads\/2020\/10\/dollar-e1602120918186-300x102.jpg 300w, https:\/\/racomex.com.br\/wp-content\/uploads\/2020\/10\/dollar-e1602120918186-1024x348.jpg 1024w, https:\/\/racomex.com.br\/wp-content\/uploads\/2020\/10\/dollar-e1602120918186-768x261.jpg 768w\" sizes=\"(max-width: 1200px) 100vw, 1200px\" \/><\/a>\n\t\t\t\t\t\t\t\t\t\t\t\t\t\t\t\t\t\t\t<\/div><!-- .dslc-cpt-post-thumb-inner -->\n\n\t\t\t\t\t\t\t\t\t\n\t\t\t\t\t\t\t\t<\/div><!-- .dslc-cpt-post-thumb -->\n\n\t\t\t\t\t\t\t\t\t\t\t\t\t\n\t\t\t\t\t\t\n\t\t\t\t\t\t\t<div class=\"dslc-post-main dslc-cpt-post-main\">\n\n\t\t\t\t\t\t\t\t\n\t\t\t\t\t\t\t\t\t<div class=\"dslc-cpt-post-title\">\n\t\t\t\t\t\t\t\t\t\t<h2><a href=\"https:\/\/racomex.com.br\/index.php\/2020\/10\/07\/cotacoes-e-boletins\/\">Cota\u00e7\u00f5es e Boletins<\/a><\/h2>\n\t\t\t\t\t\t\t\t\t<\/div><!-- .dslc-cpt-post-title -->\n\n\t\t\t\t\t\t\t\t\n\t\t\t\t\t\t\t\t\n\t\t\t\t\t\t\t\t\t\n\t\t\t\t\t\t\t\t\t<div class=\"dslc-cpt-post-meta\">\n\n\t\t\t\t\t\t\t\t\t\t\n\t\t\t\t\t\t\t\t\t\t\t\t\t\t\t\t\t\t\t\t\t<div class=\"dslc-cpt-post-meta-date\">\n\t\t\t\t\t\t\t\t\t\t\t\t7 de outubro de 2020\t\t\t\t\t\t\t\t\t\t\t<\/div><!-- .dslc-cpt-post-meta-date -->\n\t\t\t\t\t\t\t\t\t\t\n\t\t\t\t\t\t\t\t\t<\/div><!-- .dslc-cpt-post-meta -->\n\n\t\t\t\t\t\t\t\t\n\t\t\t\t\t\t\t\t\t\t\t\t\t\t\t\t\t<div class=\"dslc-cpt-post-excerpt\">\n\t\t\t\t\t\t\t\t\t\t\t\t\t\t\t\t\t\t\t\t\tCota\u00e7\u00e3o do D\u00f3lar Exporta\u00e7\u00e3o Passo a Passo MDIC\t\t\t\t\t\t\t\t\t\t\t\t\t\t\t\t\t\t\t<\/div><!-- .dslc-cpt-post-excerpt -->\n\n\t\t\t\t\t\t\t\t\n\t\t\t\t\t\t\t\t\n\t\t\t\t\t\t\t\t\t<div class=\"dslc-cpt-post-read-more\">\n\t\t\t\t\t\t\t\t\t\t<a href=\"https:\/\/racomex.com.br\/index.php\/2020\/10\/07\/cotacoes-e-boletins\/\">\n\t\t\t\t\t\t\t\t\t\t\t\t\t\t\t\t\t\t\t\t\t\t\t<span class=\"dslc-icon dslc-icon-\"><\/span>\n\t\t\t\t\t\t\t\t\t\t\t\t\t\t\t\t\t\t\t\t\t\tSaiba Mais\t\t\t\t\t\t\t\t\t\t<\/a>\n\t\t\t\t\t\t\t\t\t<\/div><!-- .dslc-cpt-post-read-more -->\n\n\t\t\t\t\t\t\t\t\n\t\t\t\t\t\t\t<\/div><!-- .dslc-cpt-post-main -->\n\n\t\t\t\t\t\t\n\t\t\t\t\t<\/div><!-- .dslc-cpt-post -->\n\t\t\t\t\t<div class=\"dslc-post dslc-cpt-post dslc-col dslc-4-col  dslc-last-col\" data-cats=\"links-uteis \">\n\t\t\t\t\t\t\t\t\t\t\t\t\t\t\t\t\t\t\t\t\n\t\t\t\t\t\t\t\t<div class=\"dslc-post-thumb dslc-cpt-post-thumb dslc-on-hover-anim\">\n\n\t\t\t\t\t\t\t\t\t<div class=\"dslc-cpt-post-thumb-inner dslca-post-thumb\">\n\t\t\t\t\t\t\t\t\t\t\n\t\t\t\t\t\t\t\t\t\t\t\t\t\t\t\t\t\t\t\t\t<a href=\"https:\/\/racomex.com.br\/index.php\/2020\/10\/05\/pesos-e-medidas-dos-containers\/\" class=\"\"><img width=\"1200\" height=\"408\" src=\"https:\/\/racomex.com.br\/wp-content\/uploads\/2020\/10\/container-e1602121075748.jpg\" class=\"attachment-full size-full wp-post-image\" alt=\"\" loading=\"lazy\" title=\"container\" srcset=\"https:\/\/racomex.com.br\/wp-content\/uploads\/2020\/10\/container-e1602121075748.jpg 1200w, https:\/\/racomex.com.br\/wp-content\/uploads\/2020\/10\/container-e1602121075748-300x102.jpg 300w, https:\/\/racomex.com.br\/wp-content\/uploads\/2020\/10\/container-e1602121075748-1024x348.jpg 1024w, https:\/\/racomex.com.br\/wp-content\/uploads\/2020\/10\/container-e1602121075748-768x261.jpg 768w\" sizes=\"(max-width: 1200px) 100vw, 1200px\" \/><\/a>\n\t\t\t\t\t\t\t\t\t\t\t\t\t\t\t\t\t\t\t<\/div><!-- .dslc-cpt-post-thumb-inner -->\n\n\t\t\t\t\t\t\t\t\t\n\t\t\t\t\t\t\t\t<\/div><!-- .dslc-cpt-post-thumb -->\n\n\t\t\t\t\t\t\t\t\t\t\t\t\t\n\t\t\t\t\t\t\n\t\t\t\t\t\t\t<div class=\"dslc-post-main dslc-cpt-post-main\">\n\n\t\t\t\t\t\t\t\t\n\t\t\t\t\t\t\t\t\t<div class=\"dslc-cpt-post-title\">\n\t\t\t\t\t\t\t\t\t\t<h2><a href=\"https:\/\/racomex.com.br\/index.php\/2020\/10\/05\/pesos-e-medidas-dos-containers\/\">Containers &#8211; Pesos e Medidas<\/a><\/h2>\n\t\t\t\t\t\t\t\t\t<\/div><!-- .dslc-cpt-post-title -->\n\n\t\t\t\t\t\t\t\t\n\t\t\t\t\t\t\t\t\n\t\t\t\t\t\t\t\t\t\n\t\t\t\t\t\t\t\t\t<div class=\"dslc-cpt-post-meta\">\n\n\t\t\t\t\t\t\t\t\t\t\n\t\t\t\t\t\t\t\t\t\t\t\t\t\t\t\t\t\t\t\t\t<div class=\"dslc-cpt-post-meta-date\">\n\t\t\t\t\t\t\t\t\t\t\t\t5 de outubro de 2020\t\t\t\t\t\t\t\t\t\t\t<\/div><!-- .dslc-cpt-post-meta-date -->\n\t\t\t\t\t\t\t\t\t\t\n\t\t\t\t\t\t\t\t\t<\/div><!-- .dslc-cpt-post-meta -->\n\n\t\t\t\t\t\t\t\t\n\t\t\t\t\t\t\t\t\t\t\t\t\t\t\t\t\t<div class=\"dslc-cpt-post-excerpt\">\n\t\t\t\t\t\t\t\t\t\t\t\t\t\t\t\t\t\t\t\t\tPESO M\u00c1XIMO POR CONTAINER DRY BOX20 p\u00e9s = 21.000 kilogramas40 p\u00e9s = 27.000 kilogramasCUBAGEM M\u00c1XIMA POR CONTAINER DRY BOX20 p\u00e9s&hellip;\t\t\t\t\t\t\t\t\t\t\t\t\t\t\t\t\t\t\t<\/div><!-- .dslc-cpt-post-excerpt -->\n\n\t\t\t\t\t\t\t\t\n\t\t\t\t\t\t\t\t\n\t\t\t\t\t\t\t\t\t<div class=\"dslc-cpt-post-read-more\">\n\t\t\t\t\t\t\t\t\t\t<a href=\"https:\/\/racomex.com.br\/index.php\/2020\/10\/05\/pesos-e-medidas-dos-containers\/\">\n\t\t\t\t\t\t\t\t\t\t\t\t\t\t\t\t\t\t\t\t\t\t\t<span class=\"dslc-icon dslc-icon-\"><\/span>\n\t\t\t\t\t\t\t\t\t\t\t\t\t\t\t\t\t\t\t\t\t\tSaiba Mais\t\t\t\t\t\t\t\t\t\t<\/a>\n\t\t\t\t\t\t\t\t\t<\/div><!-- .dslc-cpt-post-read-more -->\n\n\t\t\t\t\t\t\t\t\n\t\t\t\t\t\t\t<\/div><!-- .dslc-cpt-post-main -->\n\n\t\t\t\t\t\t\n\t\t\t\t\t<\/div><!-- .dslc-cpt-post -->\t\t\t<\/div><!--.dslc-posts-inner -->\n\n\t\t\t\n\t\t<\/div><!-- .dslc-cpt-posts -->\n\t\t\t\t<\/div><!-- .dslc-module -->\n\t\t<\/div><\/div><\/div><\/div><\/div>","protected":false},"excerpt":{"rendered":"","protected":false},"author":2,"featured_media":0,"parent":0,"menu_order":0,"comment_status":"closed","ping_status":"closed","template":"","meta":[],"_links":{"self":[{"href":"https:\/\/racomex.com.br\/index.php\/wp-json\/wp\/v2\/pages\/27"}],"collection":[{"href":"https:\/\/racomex.com.br\/index.php\/wp-json\/wp\/v2\/pages"}],"about":[{"href":"https:\/\/racomex.com.br\/index.php\/wp-json\/wp\/v2\/types\/page"}],"author":[{"embeddable":true,"href":"https:\/\/racomex.com.br\/index.php\/wp-json\/wp\/v2\/users\/2"}],"replies":[{"embeddable":true,"href":"https:\/\/racomex.com.br\/index.php\/wp-json\/wp\/v2\/comments?post=27"}],"version-history":[{"count":1,"href":"https:\/\/racomex.com.br\/index.php\/wp-json\/wp\/v2\/pages\/27\/revisions"}],"predecessor-version":[{"id":32,"href":"https:\/\/racomex.com.br\/index.php\/wp-json\/wp\/v2\/pages\/27\/revisions\/32"}],"wp:attachment":[{"href":"https:\/\/racomex.com.br\/index.php\/wp-json\/wp\/v2\/media?parent=27"}],"curies":[{"name":"wp","href":"https:\/\/api.w.org\/{rel}","templated":true}]}}