{"id":25,"date":"2020-09-26T13:03:59","date_gmt":"2020-09-26T16:03:59","guid":{"rendered":"https:\/\/racomex.com.br\/?page_id=25"},"modified":"2020-09-26T13:03:59","modified_gmt":"2020-09-26T16:03:59","slug":"servicos","status":"publish","type":"page","link":"https:\/\/racomex.com.br\/index.php\/servicos\/","title":{"rendered":"Servi\u00e7os"},"content":{"rendered":"<div id=\"dslc-content\" class=\"dslc-content dslc-clearfix\"><div id=\"dslc-main\">\n\t\t<div  class=\"dslc-modules-section \" style=\"padding-bottom:0px;padding-top:0px;\" data-section-id=\"1c9e7e78cdb\">\n\t\t\t\t\n\t\t\t\t\n\t\t\t\t<div class=\"dslc-modules-section-wrapper dslc-clearfix\"><div class=\"dslc-modules-area dslc-col dslc-12-col dslc-last-col dslc-valign- \" data-size=\"12\" data-valign=\"\">\n\t\t<div id=\"dslc-module-9641f394cf3\" class=\"dslc-module-front dslc-module-DSLC_Image dslc-in-viewport-check dslc-in-viewport-anim-none  dslc-col dslc-12-col dslc-last-col  dslc-module-handle-like-regular \" data-module-id=\"9641f394cf3\" data-module=\"DSLC_Image\" data-dslc-module-size=\"12\" data-dslc-anim=\"none\" data-dslc-anim-delay=\"\" data-dslc-anim-duration=\"650\"  data-dslc-anim-easing=\"ease\" data-dslc-preset=\"none\" >\n\n\t\t\t\n\t\t\t\n\t\t\t\t<div class=\"dslc-image-container\">\n\t\t<div class=\"dslc-image\">\n\n\t\t\t\n\t\t\t\t\n\t\t\t\t\t\t\t\t\t<img src=\"https:\/\/racomex.com.br\/wp-content\/uploads\/2020\/11\/IMG_SERVICOS.png\" alt=\"\" title=\"\" srcset=\"https:\/\/racomex.com.br\/wp-content\/uploads\/2020\/11\/IMG_SERVICOS.png 1024w, https:\/\/racomex.com.br\/wp-content\/uploads\/2020\/11\/IMG_SERVICOS-300x88.png 300w, https:\/\/racomex.com.br\/wp-content\/uploads\/2020\/11\/IMG_SERVICOS-768x225.png 768w\" sizes=\"(max-width: 1024px) 100vw, 1024px\" \/>\n\t\t\t\t\n\t\t\t\t\t\t\t\t\t<\/div><!-- .dslc-image -->\n\t\t<\/div>\n\t\t\n\t\t\t\t<\/div><!-- .dslc-module -->\n\t\t<\/div><\/div><\/div>\n\t\t<div  class=\"dslc-modules-section \" style=\"padding-bottom:32px;padding-top:32px;\" data-section-id=\"1c9e7e78cdb\">\n\t\t\t\t\n\t\t\t\t\n\t\t\t\t<div class=\"dslc-modules-section-wrapper dslc-clearfix\"><div class=\"dslc-modules-area dslc-col dslc-12-col dslc-last-col dslc-valign- \" data-size=\"12\" data-valign=\"\">\n\t\t<div id=\"dslc-module-3bfa49a703e\" class=\"dslc-module-front dslc-module-DSLC_Text_Simple dslc-in-viewport-check dslc-in-viewport-anim-none  dslc-col dslc-12-col dslc-last-col  dslc-module-handle-like-regular \" data-module-id=\"3bfa49a703e\" data-module=\"DSLC_Text_Simple\" data-dslc-module-size=\"12\" data-dslc-anim=\"none\" data-dslc-anim-delay=\"0\" data-dslc-anim-duration=\"650\"  data-dslc-anim-easing=\"ease\" data-dslc-preset=\"none\" >\n\n\t\t\t\n\t\t\t\n\t\t\n\t\t<div class=\"dslc-text-module-content\">\n\t\t\t<h4 style=\"text-align: center;\"><strong>SERVI\u00c7OS ESPECIALIZADOS EM COM\u00c9RCIO EXTERIOR<\/strong><\/h4><p><strong>ASSESSORIA ADUANEIRA<\/strong><br>\u2013 Habilita\u00e7\u00e3o de importadores e exportadores junto \u00e0 Receita Federal<br>\u2013 Estudo de tratamento administrativo adequado \u00e0 importa\u00e7\u00e3o e exporta\u00e7\u00e3o<br>\u2013 Assessoria para os casos de Anu\u00eancias Pr\u00e9vias<br>\u2013 Atua\u00e7\u00e3o junto aos \u00d3rg\u00e3os Anuentes<br>\u2013 Confec\u00e7\u00e3o da documenta\u00e7\u00e3o de exporta\u00e7\u00e3o e certificado de origem<br>\u2013 Classifica\u00e7\u00e3o fiscal de mercadorias<br>\u2013 Despacho aduaneiro de importa\u00e7\u00e3o e exporta\u00e7\u00e3o<br>\u2013 Estudo da viabilidade para Regimes Aduaneiros Especiais<br>\u2013 Tr\u00e2nsito Aduaneiro<br>\u2013 Admiss\u00e3o Tempor\u00e1ria<br>\u2013 Exporta\u00e7\u00e3o Tempor\u00e1ria<br>\u2013 Drawback<br>\u2013 Entreposto Aduaneiro<\/p><p><strong>AN\u00c1LISE TRIBUT\u00c1RIA<\/strong><br>\u2013 Estudo de Ex-Tarif\u00e1rios<br>\u2013 An\u00e1lise da viabilidade de Diferimento do ICMS<\/p><p><strong>C\u00c2MBIO \/ SEGURO INTERNACIONAL<\/strong><br>\u2013 Assessoria para Contrata\u00e7\u00e3o de C\u00e2mbio<br>\u2013 Averba\u00e7\u00e3o de Seguros Internacionais<br>\u2013 Assessoria para abertura e an\u00e1lise da Carta de Cr\u00e9dito<\/p><p><strong>PLANEJAMENTO LOG\u00cdSTICO<\/strong><br>\u2013 Estudo de viabilidade log\u00edstica<br>\u2013 Contrata\u00e7\u00e3o e agenciamento de transporte nacional e internacional<\/p>\t\t<\/div>\n\n\t\t\n\t\t\t\t<\/div><!-- .dslc-module -->\n\t\t<\/div><\/div><\/div><\/div><\/div>","protected":false},"excerpt":{"rendered":"<p>SERVI\u00c7OS ESPECIALIZADOS EM COM\u00c9RCIO EXTERIORASSESSORIA ADUANEIRA\u2013 Habilita\u00e7\u00e3o de importadores e exportadores junto \u00e0 Receita Federal\u2013 Estudo de tratamento administrativo adequado \u00e0 importa\u00e7\u00e3o e exporta\u00e7\u00e3o\u2013 Assessoria para os casos de Anu\u00eancias Pr\u00e9vias\u2013 Atua\u00e7\u00e3o junto aos \u00d3rg\u00e3os Anuentes\u2013 Confec\u00e7\u00e3o da documenta\u00e7\u00e3o de exporta\u00e7\u00e3o e certificado de origem\u2013 Classifica\u00e7\u00e3o fiscal de mercadorias\u2013 Despacho aduaneiro de importa\u00e7\u00e3o e exporta\u00e7\u00e3o\u2013 [&hellip;]<\/p>\n","protected":false},"author":2,"featured_media":0,"parent":0,"menu_order":0,"comment_status":"closed","ping_status":"closed","template":"","meta":[],"_links":{"self":[{"href":"https:\/\/racomex.com.br\/index.php\/wp-json\/wp\/v2\/pages\/25"}],"collection":[{"href":"https:\/\/racomex.com.br\/index.php\/wp-json\/wp\/v2\/pages"}],"about":[{"href":"https:\/\/racomex.com.br\/index.php\/wp-json\/wp\/v2\/types\/page"}],"author":[{"embeddable":true,"href":"https:\/\/racomex.com.br\/index.php\/wp-json\/wp\/v2\/users\/2"}],"replies":[{"embeddable":true,"href":"https:\/\/racomex.com.br\/index.php\/wp-json\/wp\/v2\/comments?post=25"}],"version-history":[{"count":1,"href":"https:\/\/racomex.com.br\/index.php\/wp-json\/wp\/v2\/pages\/25\/revisions"}],"predecessor-version":[{"id":31,"href":"https:\/\/racomex.com.br\/index.php\/wp-json\/wp\/v2\/pages\/25\/revisions\/31"}],"wp:attachment":[{"href":"https:\/\/racomex.com.br\/index.php\/wp-json\/wp\/v2\/media?parent=25"}],"curies":[{"name":"wp","href":"https:\/\/api.w.org\/{rel}","templated":true}]}}