{"id":22,"date":"2020-09-26T12:58:41","date_gmt":"2020-09-26T15:58:41","guid":{"rendered":"https:\/\/racomex.com.br\/?page_id=22"},"modified":"2020-09-29T20:01:39","modified_gmt":"2020-09-29T23:01:39","slug":"home","status":"publish","type":"page","link":"https:\/\/racomex.com.br\/","title":{"rendered":"Home"},"content":{"rendered":"<div id=\"dslc-content\" class=\"dslc-content dslc-clearfix\"><div id=\"dslc-main\">\n\t\t<div  class=\"dslc-modules-section \" style=\"padding-bottom:0px;padding-top:0px;background-position:center top;\" data-section-id=\"f2715d6c54e\">\n\t\t\t\t\n\t\t\t\t\n\t\t\t\t<div class=\"dslc-modules-section-wrapper dslc-clearfix\"><div class=\"dslc-modules-area dslc-col dslc-12-col dslc-last-col dslc-valign-middle \" data-size=\"12\" data-valign=\"middle\">\n\t\t<div id=\"dslc-module-120bfef59df\" class=\"dslc-module-front dslc-module-DSLC_Shortcode dslc-in-viewport-check dslc-in-viewport-anim-none  dslc-col dslc-12-col dslc-last-col  dslc-module-handle-like-regular \" data-module-id=\"120bfef59df\" data-module=\"DSLC_Shortcode\" data-dslc-module-size=\"12\" data-dslc-anim=\"none\" data-dslc-anim-delay=\"\" data-dslc-anim-duration=\"650\"  data-dslc-anim-easing=\"ease\" data-dslc-preset=\"none\" >\n\n\t\t\t\n\t\t\t\n\t\t\t\t<div class=\"dslc-module-shortcode\">\n\t\t\t<div class='white' style='background:rgba(0,0,0,0); border:solid 0px rgba(0,0,0,0); border-radius:0px; padding:0px 0px 0px 0px;'>\n<div id='slider_65' class='owl-carousel sa_owl_theme ' data-slider-id='slider_65' style='visibility:hidden;'>\n<div id='slider_65_slide01' class='sa_hover_container' style='padding:0% 0%; margin:0px 0%; background-image:url(&quot;https:\/\/racomex.com.br\/wp-content\/uploads\/2020\/09\/galeria-aviao-2.jpg&quot;); background-position:center center; background-size:contain; background-repeat:no-repeat; '><\/div>\n<div id='slider_65_slide02' class='sa_hover_container' style='padding:0% 0%; margin:0px 0%; background-image:url(&quot;https:\/\/racomex.com.br\/wp-content\/uploads\/2020\/09\/galeria-logistica-2.jpg&quot;); background-position:center center; background-size:contain; background-repeat:no-repeat; '><\/div>\n<div id='slider_65_slide03' class='sa_hover_container' style='padding:0% 0%; margin:0px 0%; background-image:url(&quot;https:\/\/racomex.com.br\/wp-content\/uploads\/2020\/09\/galeria-navio-1.jpg&quot;); background-position:center center; background-size:contain; background-repeat:no-repeat; '><\/div>\n<div id='slider_65_slide04' class='sa_hover_container' style='padding:0% 0%; margin:0px 0%; background-image:url(&quot;https:\/\/racomex.com.br\/wp-content\/uploads\/2020\/09\/galeria-terrestre-3.jpg&quot;); background-position:center center; background-size:contain; background-repeat:no-repeat; '><\/div>\n<\/div>\n<\/div>\n<script type='text\/javascript'>\n\tjQuery(document).ready(function() {\n\t\tjQuery('#slider_65').owlCarousel({\n\t\t\titems : 1,\n\t\t\tanimateOut : 'fadeOut',\n\t\t\tsmartSpeed : 500,\n\t\t\tautoplay : true,\n\t\t\tautoplayTimeout : 5000,\n\t\t\tautoplayHoverPause : true,\n\t\t\tsmartSpeed : 500,\n\t\t\tfluidSpeed : 500,\n\t\t\tautoplaySpeed : 500,\n\t\t\tnavSpeed : 500,\n\t\t\tdotsSpeed : 500,\n\t\t\tloop : true,\n\t\t\tnav : true,\n\t\t\tnavText : ['Previous','Next'],\n\t\t\tdots : false,\n\t\t\tresponsiveRefreshRate : 200,\n\t\t\tslideBy : 1,\n\t\t\tmergeFit : true,\n\t\t\tautoHeight : true,\n\t\t\tmouseDrag : false,\n\t\t\ttouchDrag : false\n\t\t});\n\t\tjQuery('#slider_65').css('visibility', 'visible');\n\t\tsa_resize_slider_65();\n\t\twindow.addEventListener('resize', sa_resize_slider_65);\n\t\tfunction sa_resize_slider_65() {\n\t\t\tvar min_height = '50';\n\t\t\tvar win_width = jQuery(window).width();\n\t\t\tvar slider_width = jQuery('#slider_65').width();\n\t\t\tif (win_width < 480) {\n\t\t\t\tvar slide_width = slider_width \/ 1;\n\t\t\t} else if (win_width < 768) {\n\t\t\t\tvar slide_width = slider_width \/ 1;\n\t\t\t} else if (win_width < 980) {\n\t\t\t\tvar slide_width = slider_width \/ 1;\n\t\t\t} else if (win_width < 1200) {\n\t\t\t\tvar slide_width = slider_width \/ 1;\n\t\t\t} else if (win_width < 1500) {\n\t\t\t\tvar slide_width = slider_width \/ 1;\n\t\t\t} else {\n\t\t\t\tvar slide_width = slider_width \/ 1;\n\t\t\t}\n\t\t\tslide_width = Math.round(slide_width);\n\t\t\tvar slide_height = '0';\n\t\t\tif (min_height == 'aspect43') {\n\t\t\t\tslide_height = (slide_width \/ 4) * 3;\t\t\t\tslide_height = Math.round(slide_height);\n\t\t\t} else if (min_height == 'aspect169') {\n\t\t\t\tslide_height = (slide_width \/ 16) * 9;\t\t\t\tslide_height = Math.round(slide_height);\n\t\t\t} else {\n\t\t\t\tslide_height = (slide_width \/ 100) * min_height;\t\t\t\tslide_height = Math.round(slide_height);\n\t\t\t}\n\t\t\tjQuery('#slider_65 .owl-item .sa_hover_container').css('min-height', slide_height+'px');\n\t\t}\n\t\tvar owl_goto = jQuery('#slider_65');\n\t\tjQuery('.slider_65_goto1').click(function(event){\n\t\t\towl_goto.trigger('to.owl.carousel', 0);\n\t\t});\n\t\tjQuery('.slider_65_goto2').click(function(event){\n\t\t\towl_goto.trigger('to.owl.carousel', 1);\n\t\t});\n\t\tjQuery('.slider_65_goto3').click(function(event){\n\t\t\towl_goto.trigger('to.owl.carousel', 2);\n\t\t});\n\t\tjQuery('.slider_65_goto4').click(function(event){\n\t\t\towl_goto.trigger('to.owl.carousel', 3);\n\t\t});\n\t\tvar resize_65 = jQuery('.owl-carousel');\n\t\tresize_65.on('initialized.owl.carousel', function(e) {\n\t\t\tif (typeof(Event) === 'function') {\n\t\t\t\twindow.dispatchEvent(new Event('resize'));\n\t\t\t} else {\n\t\t\t\tvar evt = window.document.createEvent('UIEvents');\n\t\t\t\tevt.initUIEvent('resize', true, false, window, 0);\n\t\t\t\twindow.dispatchEvent(evt);\n\t\t\t}\n\t\t});\n\t});\n<\/script>\n\t\t<\/div>\n\t\t\n\t\t\t\t<\/div><!-- .dslc-module -->\n\t\t<\/div><\/div><\/div>\n\t\t<div  class=\"dslc-modules-section \" style=\"padding-bottom:0px;padding-top:0px;\" data-section-id=\"3aa2442fdc4\">\n\t\t\t\t\n\t\t\t\t\n\t\t\t\t<div class=\"dslc-modules-section-wrapper dslc-clearfix\"><div class=\"dslc-modules-area dslc-col dslc-12-col dslc-last-col dslc-valign- \" data-size=\"12\" data-valign=\"\">\n\t\t<div id=\"dslc-module-37b1f4e79d6\" class=\"dslc-module-front dslc-module-DSLC_Text_Simple dslc-in-viewport-check dslc-in-viewport-anim-none  dslc-col dslc-12-col dslc-last-col  dslc-module-handle-like-regular \" data-module-id=\"37b1f4e79d6\" data-module=\"DSLC_Text_Simple\" data-dslc-module-size=\"12\" data-dslc-anim=\"none\" data-dslc-anim-delay=\"\" data-dslc-anim-duration=\"650\"  data-dslc-anim-easing=\"ease\" data-dslc-preset=\"none\" >\n\n\t\t\t\n\t\t\t\n\t\t\n\t\t<div class=\"dslc-text-module-content\">\n\t\t\t<h3 style=\"text-align: center;\"><strong>TRABALHAMOS COM A GEST\u00c3O E OPERA\u00c7\u00c3O DOOR TO DOOR PARA OPERA\u00c7\u00d5ES DE IMPORTA\u00c7\u00c3O E EXPORTA\u00c7\u00c3O DOS MAIS DIVERSOS TIPOS DE MERCADORIAS.<\/strong><\/h3><p style=\"text-align: justify;\">Com certeza Nossos conhecimentos em gest\u00e3o e opera\u00e7\u00e3o door to door trazem mais economia para os nossos clientes.Temos a gest\u00e3o e opera\u00e7\u00e3o door to door em v\u00e1rios pa\u00edses com profissionais altamente capacitados.As opera\u00e7\u00f5es em door to door nada mais \u00e9 do que a coleta na origem e para finalizarmos no destino,isso para tr\u00e2nsito nacional ou internacional, organizando a gest\u00e3o da opera\u00e7\u00e3o na planta de opera\u00e7\u00f5es.<\/p><p style=\"text-align: justify;\">Pense que oferecer aos seus clientes uma solu\u00e7\u00e3o realmente completa no servi\u00e7o de Log\u00edstica \u201cdoor to door\u201d far\u00e1 com que alcance os diferenciais e sobre tudo suprir a expectativa do cliente por meio desse servi\u00e7o.Fique tranquilo pois n\u00f3s realizamos todas as opera\u00e7\u00f5es como fechamento de c\u00e2mbio, frete internacional, contrata\u00e7\u00e3o de seguro, solicita\u00e7\u00f5es de certificados junto aos \u00f3rg\u00e3os competentes, interven\u00e7\u00e3o junto aos \u00f3rg\u00e3os anuentes, desembara\u00e7o aduaneiro, e tamb\u00e9m a entrega da mercadoria no destino final.<\/p><p style=\"text-align: justify;\">Isso oferece diversas vantagens, al\u00e9m da assessoria completa do material a ser transportado com o planejamento do in\u00edcio ao fim, maximizando assim a possibilidade de tudo dar certo durante o envio e recebimento.Vasta experi\u00eancia em Com\u00e9rcio Exterior, buscando oferecer m\u00e1xima qualidade em nossos servi\u00e7os e atendimentos.Visualize algumas das etapas de todo este processo do qual faremos quest\u00e3o em melhor servirmos para ter voc\u00ea conosco fazendo parte de nosso portfolio de clientes satisfeitos!<\/p><ul><li>Seguro de Transporte Internacional<\/li><li>Assessoria Jur\u00eddica e Tribut\u00e1ria<\/li><li>Desembara\u00e7o Aduaneiro<\/li><li>Transporte de Coleta e Entrega<\/li><\/ul><p style=\"text-align: justify;\">O resultado de tudo isso \u00e9 com certeza o cliente tendo toda a log\u00edstica adequada e conquistando uma melhor gest\u00e3o de seus assuntos para sua empresa como mostram nossos relacionamentos conquistados ao longo dos anos!<\/p><p>Entre em contato conosco caso necessite de maiores informa\u00e7\u00f5es!<\/p>\t\t<\/div>\n\n\t\t\n\t\t\t\t<\/div><!-- .dslc-module -->\n\t\t<\/div><\/div><\/div><\/div><input type=\"hidden\" id=\"dslca-post-data-thumb\" value=\"https:\/\/racomex.com.br\/wp-content\/uploads\/2020\/09\/galeria-aviao.jpg\" \/><\/div>","protected":false},"excerpt":{"rendered":"<p>TRABALHAMOS COM A GEST\u00c3O E OPERA\u00c7\u00c3O DOOR TO DOOR PARA OPERA\u00c7\u00d5ES DE IMPORTA\u00c7\u00c3O E EXPORTA\u00c7\u00c3O DOS MAIS DIVERSOS TIPOS DE MERCADORIAS.Com certeza Nossos conhecimentos em gest\u00e3o e opera\u00e7\u00e3o door to door trazem mais economia para os nossos clientes.Temos a gest\u00e3o e opera\u00e7\u00e3o door to door em v\u00e1rios pa\u00edses com profissionais altamente capacitados.As opera\u00e7\u00f5es em door [&hellip;]<\/p>\n","protected":false},"author":2,"featured_media":51,"parent":0,"menu_order":0,"comment_status":"closed","ping_status":"closed","template":"","meta":[],"_links":{"self":[{"href":"https:\/\/racomex.com.br\/index.php\/wp-json\/wp\/v2\/pages\/22"}],"collection":[{"href":"https:\/\/racomex.com.br\/index.php\/wp-json\/wp\/v2\/pages"}],"about":[{"href":"https:\/\/racomex.com.br\/index.php\/wp-json\/wp\/v2\/types\/page"}],"author":[{"embeddable":true,"href":"https:\/\/racomex.com.br\/index.php\/wp-json\/wp\/v2\/users\/2"}],"replies":[{"embeddable":true,"href":"https:\/\/racomex.com.br\/index.php\/wp-json\/wp\/v2\/comments?post=22"}],"version-history":[{"count":4,"href":"https:\/\/racomex.com.br\/index.php\/wp-json\/wp\/v2\/pages\/22\/revisions"}],"predecessor-version":[{"id":72,"href":"https:\/\/racomex.com.br\/index.php\/wp-json\/wp\/v2\/pages\/22\/revisions\/72"}],"wp:featuredmedia":[{"embeddable":true,"href":"https:\/\/racomex.com.br\/index.php\/wp-json\/wp\/v2\/media\/51"}],"wp:attachment":[{"href":"https:\/\/racomex.com.br\/index.php\/wp-json\/wp\/v2\/media?parent=22"}],"curies":[{"name":"wp","href":"https:\/\/api.w.org\/{rel}","templated":true}]}}